{"id":56,"date":"2017-05-17T13:45:29","date_gmt":"2017-05-17T17:45:29","guid":{"rendered":"http:\/\/reseaucapital.com\/?page_id=56"},"modified":"2025-07-31T09:09:07","modified_gmt":"2025-07-31T13:09:07","slug":"association","status":"publish","type":"page","link":"https:\/\/reseaucapital.com\/en\/association\/","title":{"rendered":"Association"},"content":{"rendered":"<p>AboutaboutThe only private<br \/>\nequity association<br \/>\nin Quebec<strong>R\u00e9seau Capital, the Qu\u00e9bec Venture Capital and Private Equity Association, is the only private equity association that brings together all stakeholders involved in the Quebec investment chain. The mission of R\u00e9seau Capital is to contribute to the development and efficient operation of the private equity industry, which plays a major role in the development and financing of businesses in Qu\u00e9bec.<\/strong><\/p>\n<p>Founded in 1989, R\u00e9seau Capital has over 100 corporate members representing private equity, tax-advantaged and public investment companies as well as banks, accounting and law firms, along with many professionals working in the field.R\u00e9seau Capital works to promote the private equity industry in Qu\u00e9bec through activities in these areas.OUTREACH AND VISIBILITYPromoting the industry and our members is at the heart of all we do.<\/p>\n<p>Promoting the role as well as the impact of our industry when it comes to innovation, entrepreneurship, and business growth.REPRESENTATION AND INFLUENCEStrength in numbers to ensure that industry\u2019s voice is unified, listened to, and heard by government authorities.<\/p>\n<p>Solid, personal relationships with key stakeholders in our industry.NETWORKING AND OPPORTUNITIESThe community that brings together all stakeholders in all sectors and at all stages of the investment chain (in addition to a directory reserved for members).<\/p>\n<p>The will to develop close ties to the ecosystems linked to entrepreneurship and innovation.KNOWLEDGE AND TRENDSEvents with exclusive content and a high degree of added value.<\/p>\n<p>Recognized training that meets the industry\u2019s needs and supports the attraction of talent.EXCELLENCE AND DEVELOPMENTThe promotion and diffusion of best practices in the industry to ensure that our members stand out and distinguish themselves.<\/p>\n<p>The ELLE-Invest initiative, which aims to encourage and promote the success of women in investment capital, as well as the New Generation committee which supports the success of future industry leaders.Board membersboard-membersBoard MembersSee our board membersOur teamour-teamOur teamCommitteescommitteesCommitteesGovernorsgovernorsGovernorsIndividuals who have completed their term as President or Co-President of R\u00e9seau Capital are recognized as Governors Members of the association.See our governors<\/p>\n","protected":false},"excerpt":{"rendered":"<p>AboutaboutThe only private equity association in QuebecR\u00e9seau Capital, the Qu\u00e9bec Venture Capital and Private Equity Association, is the only private equity association that brings together all stakeholders involved in the Quebec investment chain. The mission of R\u00e9seau Capital is to contribute to the development and efficient operation of the private equity industry, which plays a &hellip; <a href=\"https:\/\/reseaucapital.com\/en\/association\/\">Continued<\/a><\/p>\n","protected":false},"author":814,"featured_media":0,"parent":0,"menu_order":0,"comment_status":"closed","ping_status":"closed","template":"pages\/page-association.php","meta":{"_acf_changed":false,"inline_featured_image":false,"footnotes":""},"class_list":["post-56","page","type-page","status-publish","hentry"],"acf":[],"yoast_head":"<!-- This site is optimized with the Yoast SEO plugin v26.9 - https:\/\/yoast.com\/product\/yoast-seo-wordpress\/ -->\n<title>Association - R\u00e9seau Capital<\/title>\n<meta name=\"robots\" content=\"index, follow, max-snippet:-1, max-image-preview:large, max-video-preview:-1\" \/>\n<link rel=\"canonical\" href=\"https:\/\/reseaucapital.com\/en\/association\/\" \/>\n<meta property=\"og:locale\" content=\"en_US\" \/>\n<meta property=\"og:type\" content=\"article\" \/>\n<meta property=\"og:title\" content=\"Association - R\u00e9seau Capital\" \/>\n<meta property=\"og:description\" content=\"AboutaboutThe only private equity association in QuebecR\u00e9seau Capital, the Qu\u00e9bec Venture Capital and Private Equity Association, is the only private equity association that brings together all stakeholders involved in the Quebec investment chain. The mission of R\u00e9seau Capital is to contribute to the development and efficient operation of the private equity industry, which plays a &hellip; Continued\" \/>\n<meta property=\"og:url\" content=\"https:\/\/reseaucapital.com\/en\/association\/\" \/>\n<meta property=\"og:site_name\" content=\"R\u00e9seau Capital\" \/>\n<meta property=\"article:modified_time\" content=\"2025-07-31T13:09:07+00:00\" \/>\n<meta name=\"twitter:card\" content=\"summary_large_image\" \/>\n<script type=\"application\/ld+json\" class=\"yoast-schema-graph\">{\"@context\":\"https:\/\/schema.org\",\"@graph\":[{\"@type\":\"WebPage\",\"@id\":\"https:\/\/reseaucapital.com\/en\/association\/\",\"url\":\"https:\/\/reseaucapital.com\/en\/association\/\",\"name\":\"Association - R\u00e9seau Capital\",\"isPartOf\":{\"@id\":\"https:\/\/reseaucapital.com\/#website\"},\"datePublished\":\"2017-05-17T17:45:29+00:00\",\"dateModified\":\"2025-07-31T13:09:07+00:00\",\"breadcrumb\":{\"@id\":\"https:\/\/reseaucapital.com\/en\/association\/#breadcrumb\"},\"inLanguage\":\"en-CA\",\"potentialAction\":[{\"@type\":\"ReadAction\",\"target\":[\"https:\/\/reseaucapital.com\/en\/association\/\"]}]},{\"@type\":\"BreadcrumbList\",\"@id\":\"https:\/\/reseaucapital.com\/en\/association\/#breadcrumb\",\"itemListElement\":[{\"@type\":\"ListItem\",\"position\":1,\"name\":\"Home\",\"item\":\"https:\/\/reseaucapital.com\/en\/\"},{\"@type\":\"ListItem\",\"position\":2,\"name\":\"Association\"}]},{\"@type\":\"WebSite\",\"@id\":\"https:\/\/reseaucapital.com\/#website\",\"url\":\"https:\/\/reseaucapital.com\/\",\"name\":\"R\u00e9seau Capital\",\"description\":\"\",\"potentialAction\":[{\"@type\":\"SearchAction\",\"target\":{\"@type\":\"EntryPoint\",\"urlTemplate\":\"https:\/\/reseaucapital.com\/?s={search_term_string}\"},\"query-input\":{\"@type\":\"PropertyValueSpecification\",\"valueRequired\":true,\"valueName\":\"search_term_string\"}}],\"inLanguage\":\"en-CA\"}]}<\/script>\n<!-- \/ Yoast SEO plugin. -->","yoast_head_json":{"title":"Association - R\u00e9seau Capital","robots":{"index":"index","follow":"follow","max-snippet":"max-snippet:-1","max-image-preview":"max-image-preview:large","max-video-preview":"max-video-preview:-1"},"canonical":"https:\/\/reseaucapital.com\/en\/association\/","og_locale":"en_US","og_type":"article","og_title":"Association - R\u00e9seau Capital","og_description":"AboutaboutThe only private equity association in QuebecR\u00e9seau Capital, the Qu\u00e9bec Venture Capital and Private Equity Association, is the only private equity association that brings together all stakeholders involved in the Quebec investment chain. The mission of R\u00e9seau Capital is to contribute to the development and efficient operation of the private equity industry, which plays a &hellip; Continued","og_url":"https:\/\/reseaucapital.com\/en\/association\/","og_site_name":"R\u00e9seau Capital","article_modified_time":"2025-07-31T13:09:07+00:00","twitter_card":"summary_large_image","schema":{"@context":"https:\/\/schema.org","@graph":[{"@type":"WebPage","@id":"https:\/\/reseaucapital.com\/en\/association\/","url":"https:\/\/reseaucapital.com\/en\/association\/","name":"Association - R\u00e9seau Capital","isPartOf":{"@id":"https:\/\/reseaucapital.com\/#website"},"datePublished":"2017-05-17T17:45:29+00:00","dateModified":"2025-07-31T13:09:07+00:00","breadcrumb":{"@id":"https:\/\/reseaucapital.com\/en\/association\/#breadcrumb"},"inLanguage":"en-CA","potentialAction":[{"@type":"ReadAction","target":["https:\/\/reseaucapital.com\/en\/association\/"]}]},{"@type":"BreadcrumbList","@id":"https:\/\/reseaucapital.com\/en\/association\/#breadcrumb","itemListElement":[{"@type":"ListItem","position":1,"name":"Home","item":"https:\/\/reseaucapital.com\/en\/"},{"@type":"ListItem","position":2,"name":"Association"}]},{"@type":"WebSite","@id":"https:\/\/reseaucapital.com\/#website","url":"https:\/\/reseaucapital.com\/","name":"R\u00e9seau Capital","description":"","potentialAction":[{"@type":"SearchAction","target":{"@type":"EntryPoint","urlTemplate":"https:\/\/reseaucapital.com\/?s={search_term_string}"},"query-input":{"@type":"PropertyValueSpecification","valueRequired":true,"valueName":"search_term_string"}}],"inLanguage":"en-CA"}]}},"_links":{"self":[{"href":"https:\/\/reseaucapital.com\/en\/wp-json\/wp\/v2\/pages\/56","targetHints":{"allow":["GET"]}}],"collection":[{"href":"https:\/\/reseaucapital.com\/en\/wp-json\/wp\/v2\/pages"}],"about":[{"href":"https:\/\/reseaucapital.com\/en\/wp-json\/wp\/v2\/types\/page"}],"author":[{"embeddable":true,"href":"https:\/\/reseaucapital.com\/en\/wp-json\/wp\/v2\/users\/814"}],"replies":[{"embeddable":true,"href":"https:\/\/reseaucapital.com\/en\/wp-json\/wp\/v2\/comments?post=56"}],"version-history":[{"count":11,"href":"https:\/\/reseaucapital.com\/en\/wp-json\/wp\/v2\/pages\/56\/revisions"}],"predecessor-version":[{"id":152232,"href":"https:\/\/reseaucapital.com\/en\/wp-json\/wp\/v2\/pages\/56\/revisions\/152232"}],"wp:attachment":[{"href":"https:\/\/reseaucapital.com\/en\/wp-json\/wp\/v2\/media?parent=56"}],"curies":[{"name":"wp","href":"https:\/\/api.w.org\/{rel}","templated":true}]}}