{"id":3843,"date":"2018-03-06T16:34:39","date_gmt":"2018-03-06T21:34:39","guid":{"rendered":"https:\/\/reseaucapital.com\/elle-invest\/"},"modified":"2025-12-09T15:09:51","modified_gmt":"2025-12-09T20:09:51","slug":"elle-invest","status":"publish","type":"page","link":"https:\/\/reseaucapital.com\/en\/elle-invest\/","title":{"rendered":"ELLE-Invest"},"content":{"rendered":"<p>ELLE-InvestAbouta-proposTo encourage and promote the success of talented women working<br \/>\nin the VC\/PE industry in Qu\u00e9bec as investors.<strong>We are committed to providing a voice to women in Quebec empowering them to achieve success in the VC\/PE industry. <\/strong><\/p>\n<p><em>As such, we support and inform women who work or wish to work in this sector. By listening to them, we pay attention to their issues and guide them through the various challenges they encounter. We strive to provide opportunities for like-minded individuals and organizations in our ecosystem to connect with and support each other throughout our community.<\/em><\/p>\n<p><strong>Our<\/strong> <strong>Vision<br \/>\n<\/strong>\u2022 <em>To build a stronger VC\/PE industry in Quebec through improved diversity &amp; inclusion acknowledging the potential that women have to shape the future.<\/em><br \/>\n\u2022 <em>To offer opportunities to develop one&#8217;s career and business network.<\/em><\/p>\n<p><strong>Our Values<\/strong><br \/>\n\u2022 <em>We acknowledge the importance of Diversity and Inclusion in everything we do.<\/em><br \/>\n\u2022 <em>We support women in the private equity industry.<\/em><br \/>\n\u2022 <em>We pursue growth and learning.<\/em><br \/>\n\u2022 <em>We thrive on hard work, passion and commitment.<\/em>Our ApproachCommunity and industry outreachPromotion &#038; awarenessNetworking &#038; collaborationCommitteecomiteMembers of the committeeMarie-Pier C\u00e9rat, La CaisseClaude C\u00f4t\u00e9, Investissement Qu\u00e9becB\u00e9atrice Couture, Teralys Capital Louise Langevin, BDC CapitalErica Massicoli, NovacapLaviva Mazhar, Luge CapitalMona Minhas, BDC CapitalGenevi\u00e8ve Philion, Sagard Private Equity CanadaCaroline Poissant, Desjardins CapitalMarie-Jos\u00e9e Rioux, FondactionKaty Yam, Real VenturesEventsevenementEventsSeveral events are planned in the coming months, including visits to Quebec universities.<\/p>\n<p>To organize a roundtable at your university, contact us.See all R\u00e9seau Capital events<\/p>\n","protected":false},"excerpt":{"rendered":"<p>ELLE-InvestAbouta-proposTo encourage and promote the success of talented women working in the VC\/PE industry in Qu\u00e9bec as investors.We are committed to providing a voice to women in Quebec empowering them to achieve success in the VC\/PE industry. As such, we support and inform women who work or wish to work in this sector. By listening &hellip; <a href=\"https:\/\/reseaucapital.com\/en\/elle-invest\/\">Continued<\/a><\/p>\n","protected":false},"author":814,"featured_media":0,"parent":0,"menu_order":0,"comment_status":"closed","ping_status":"closed","template":"pages\/page-elle-invest.php","meta":{"_acf_changed":false,"inline_featured_image":false,"footnotes":""},"class_list":["post-3843","page","type-page","status-publish","hentry"],"acf":[],"yoast_head":"<!-- This site is optimized with the Yoast SEO plugin v26.9 - https:\/\/yoast.com\/product\/yoast-seo-wordpress\/ -->\n<title>ELLE-Invest - R\u00e9seau Capital<\/title>\n<meta name=\"robots\" content=\"index, follow, max-snippet:-1, max-image-preview:large, max-video-preview:-1\" \/>\n<link rel=\"canonical\" href=\"https:\/\/reseaucapital.com\/en\/elle-invest\/\" \/>\n<meta property=\"og:locale\" content=\"en_US\" \/>\n<meta property=\"og:type\" content=\"article\" \/>\n<meta property=\"og:title\" content=\"ELLE-Invest - R\u00e9seau Capital\" \/>\n<meta property=\"og:description\" content=\"ELLE-InvestAbouta-proposTo encourage and promote the success of talented women working in the VC\/PE industry in Qu\u00e9bec as investors.We are committed to providing a voice to women in Quebec empowering them to achieve success in the VC\/PE industry. As such, we support and inform women who work or wish to work in this sector. By listening &hellip; Continued\" \/>\n<meta property=\"og:url\" content=\"https:\/\/reseaucapital.com\/en\/elle-invest\/\" \/>\n<meta property=\"og:site_name\" content=\"R\u00e9seau Capital\" \/>\n<meta property=\"article:modified_time\" content=\"2025-12-09T20:09:51+00:00\" \/>\n<meta name=\"twitter:card\" content=\"summary_large_image\" \/>\n<script type=\"application\/ld+json\" class=\"yoast-schema-graph\">{\"@context\":\"https:\/\/schema.org\",\"@graph\":[{\"@type\":\"WebPage\",\"@id\":\"https:\/\/reseaucapital.com\/en\/elle-invest\/\",\"url\":\"https:\/\/reseaucapital.com\/en\/elle-invest\/\",\"name\":\"ELLE-Invest - R\u00e9seau Capital\",\"isPartOf\":{\"@id\":\"https:\/\/reseaucapital.com\/#website\"},\"datePublished\":\"2018-03-06T21:34:39+00:00\",\"dateModified\":\"2025-12-09T20:09:51+00:00\",\"breadcrumb\":{\"@id\":\"https:\/\/reseaucapital.com\/en\/elle-invest\/#breadcrumb\"},\"inLanguage\":\"en-CA\",\"potentialAction\":[{\"@type\":\"ReadAction\",\"target\":[\"https:\/\/reseaucapital.com\/en\/elle-invest\/\"]}]},{\"@type\":\"BreadcrumbList\",\"@id\":\"https:\/\/reseaucapital.com\/en\/elle-invest\/#breadcrumb\",\"itemListElement\":[{\"@type\":\"ListItem\",\"position\":1,\"name\":\"Home\",\"item\":\"https:\/\/reseaucapital.com\/en\/\"},{\"@type\":\"ListItem\",\"position\":2,\"name\":\"ELLE-Invest\"}]},{\"@type\":\"WebSite\",\"@id\":\"https:\/\/reseaucapital.com\/#website\",\"url\":\"https:\/\/reseaucapital.com\/\",\"name\":\"R\u00e9seau Capital\",\"description\":\"\",\"potentialAction\":[{\"@type\":\"SearchAction\",\"target\":{\"@type\":\"EntryPoint\",\"urlTemplate\":\"https:\/\/reseaucapital.com\/?s={search_term_string}\"},\"query-input\":{\"@type\":\"PropertyValueSpecification\",\"valueRequired\":true,\"valueName\":\"search_term_string\"}}],\"inLanguage\":\"en-CA\"}]}<\/script>\n<!-- \/ Yoast SEO plugin. -->","yoast_head_json":{"title":"ELLE-Invest - R\u00e9seau Capital","robots":{"index":"index","follow":"follow","max-snippet":"max-snippet:-1","max-image-preview":"max-image-preview:large","max-video-preview":"max-video-preview:-1"},"canonical":"https:\/\/reseaucapital.com\/en\/elle-invest\/","og_locale":"en_US","og_type":"article","og_title":"ELLE-Invest - R\u00e9seau Capital","og_description":"ELLE-InvestAbouta-proposTo encourage and promote the success of talented women working in the VC\/PE industry in Qu\u00e9bec as investors.We are committed to providing a voice to women in Quebec empowering them to achieve success in the VC\/PE industry. As such, we support and inform women who work or wish to work in this sector. By listening &hellip; Continued","og_url":"https:\/\/reseaucapital.com\/en\/elle-invest\/","og_site_name":"R\u00e9seau Capital","article_modified_time":"2025-12-09T20:09:51+00:00","twitter_card":"summary_large_image","schema":{"@context":"https:\/\/schema.org","@graph":[{"@type":"WebPage","@id":"https:\/\/reseaucapital.com\/en\/elle-invest\/","url":"https:\/\/reseaucapital.com\/en\/elle-invest\/","name":"ELLE-Invest - R\u00e9seau Capital","isPartOf":{"@id":"https:\/\/reseaucapital.com\/#website"},"datePublished":"2018-03-06T21:34:39+00:00","dateModified":"2025-12-09T20:09:51+00:00","breadcrumb":{"@id":"https:\/\/reseaucapital.com\/en\/elle-invest\/#breadcrumb"},"inLanguage":"en-CA","potentialAction":[{"@type":"ReadAction","target":["https:\/\/reseaucapital.com\/en\/elle-invest\/"]}]},{"@type":"BreadcrumbList","@id":"https:\/\/reseaucapital.com\/en\/elle-invest\/#breadcrumb","itemListElement":[{"@type":"ListItem","position":1,"name":"Home","item":"https:\/\/reseaucapital.com\/en\/"},{"@type":"ListItem","position":2,"name":"ELLE-Invest"}]},{"@type":"WebSite","@id":"https:\/\/reseaucapital.com\/#website","url":"https:\/\/reseaucapital.com\/","name":"R\u00e9seau Capital","description":"","potentialAction":[{"@type":"SearchAction","target":{"@type":"EntryPoint","urlTemplate":"https:\/\/reseaucapital.com\/?s={search_term_string}"},"query-input":{"@type":"PropertyValueSpecification","valueRequired":true,"valueName":"search_term_string"}}],"inLanguage":"en-CA"}]}},"_links":{"self":[{"href":"https:\/\/reseaucapital.com\/en\/wp-json\/wp\/v2\/pages\/3843","targetHints":{"allow":["GET"]}}],"collection":[{"href":"https:\/\/reseaucapital.com\/en\/wp-json\/wp\/v2\/pages"}],"about":[{"href":"https:\/\/reseaucapital.com\/en\/wp-json\/wp\/v2\/types\/page"}],"author":[{"embeddable":true,"href":"https:\/\/reseaucapital.com\/en\/wp-json\/wp\/v2\/users\/814"}],"replies":[{"embeddable":true,"href":"https:\/\/reseaucapital.com\/en\/wp-json\/wp\/v2\/comments?post=3843"}],"version-history":[{"count":45,"href":"https:\/\/reseaucapital.com\/en\/wp-json\/wp\/v2\/pages\/3843\/revisions"}],"predecessor-version":[{"id":158356,"href":"https:\/\/reseaucapital.com\/en\/wp-json\/wp\/v2\/pages\/3843\/revisions\/158356"}],"wp:attachment":[{"href":"https:\/\/reseaucapital.com\/en\/wp-json\/wp\/v2\/media?parent=3843"}],"curies":[{"name":"wp","href":"https:\/\/api.w.org\/{rel}","templated":true}]}}