{"id":153309,"date":"2024-07-25T15:22:38","date_gmt":"2024-07-25T19:22:38","guid":{"rendered":"https:\/\/reseaucapital.com\/?page_id=153309"},"modified":"2025-09-23T09:34:31","modified_gmt":"2025-09-23T13:34:31","slug":"students-mentoring","status":"publish","type":"page","link":"https:\/\/reseaucapital.com\/en\/mentoring\/students-mentoring\/","title":{"rendered":"Students mentoring"},"content":{"rendered":"<h2><strong>THE 4TH COHORT OF THE STUDENT PROGRAM IS COMING SOON!<\/strong><\/h2>\n<p>&nbsp;<\/p>\n<p><span style=\"color: #b2bb1e;\"><strong>ABOUT THE PROGRAM<\/strong><\/span><\/p>\n<p>The R\u00e9seau Capital student mentoring program is an initiative of the Nouvelle G\u00e9n\u00e9ration committee.<\/p>\n<p>Its aim is to bring together students with a passion for venture capital and development capital with professionals working in the sector, based on mutual interests and the needs of both parties.<\/p>\n<p>&nbsp;<\/p>\n<p><span style=\"color: #b2bb1e;\"><strong>WHO IS THIS PROGRAM FOR?<\/strong><\/span><\/p>\n<p>All students wishing to develop knowledge and plan a career in the private equity industry.<\/p>\n<p><strong>Prerequisites :<\/strong><\/p>\n<ul>\n<li>Completion of a program at a Qu\u00e9bec university related to the private equity industry: corporate finance, business management, sustainable finance, business law, MBA, etc.<\/li>\n<li>Hold a Bachelor&#8217;s degree or higher (For law students: have completed their 1st year of law school and have an interest in business law.<\/li>\n<li>Complete the registration form.<\/li>\n<\/ul>\n<p>&nbsp;<\/p>\n<p><span style=\"color: #b2bb1e;\"><strong>WHY BECOME A MENTOR?<\/strong><\/span><\/p>\n<ul>\n<li>Develop leadership and communication skills;<\/li>\n<li>Build a reputation as an advisor and guide for others;<\/li>\n<li>Gain new perspectives;<\/li>\n<li>Connect with the next generation and potential new recruits;<\/li>\n<li>Network.<\/li>\n<\/ul>\n<p>&nbsp;<\/p>\n<p><span style=\"color: #b2bb1e;\"><strong>WHY BECOME A MENTEE?<\/strong><\/span><\/p>\n<ul>\n<li>Participate in an interactive opening session on best practices in mentoring;<\/li>\n<li>Get career and education planning advice;<\/li>\n<li>Develop skills and knowledge relevant to the investment industry;<\/li>\n<li>Learn more about the industry&#8217;s culture;<\/li>\n<li>Network.<\/li>\n<\/ul>\n","protected":false},"excerpt":{"rendered":"<p>THE 4TH COHORT OF THE STUDENT PROGRAM IS COMING SOON! &nbsp; ABOUT THE PROGRAM The R\u00e9seau Capital student mentoring program is an initiative of the Nouvelle G\u00e9n\u00e9ration committee. Its aim is to bring together students with a passion for venture capital and development capital with professionals working in the sector, based on mutual interests and &hellip; <a href=\"https:\/\/reseaucapital.com\/en\/mentoring\/students-mentoring\/\">Continued<\/a><\/p>\n","protected":false},"author":703,"featured_media":0,"parent":150104,"menu_order":0,"comment_status":"closed","ping_status":"closed","template":"page-simple.php","meta":{"_acf_changed":false,"inline_featured_image":false,"footnotes":""},"class_list":["post-153309","page","type-page","status-publish","hentry"],"acf":[],"yoast_head":"<!-- This site is optimized with the Yoast SEO plugin v26.9 - https:\/\/yoast.com\/product\/yoast-seo-wordpress\/ -->\n<title>Students mentoring - R\u00e9seau Capital<\/title>\n<meta name=\"robots\" content=\"index, follow, max-snippet:-1, max-image-preview:large, max-video-preview:-1\" \/>\n<link rel=\"canonical\" href=\"https:\/\/reseaucapital.com\/en\/mentoring\/students-mentoring\/\" \/>\n<meta property=\"og:locale\" content=\"en_US\" \/>\n<meta property=\"og:type\" content=\"article\" \/>\n<meta property=\"og:title\" content=\"Students mentoring - R\u00e9seau Capital\" \/>\n<meta property=\"og:description\" content=\"THE 4TH COHORT OF THE STUDENT PROGRAM IS COMING SOON! &nbsp; ABOUT THE PROGRAM The R\u00e9seau Capital student mentoring program is an initiative of the Nouvelle G\u00e9n\u00e9ration committee. Its aim is to bring together students with a passion for venture capital and development capital with professionals working in the sector, based on mutual interests and &hellip; Continued\" \/>\n<meta property=\"og:url\" content=\"https:\/\/reseaucapital.com\/en\/mentoring\/students-mentoring\/\" \/>\n<meta property=\"og:site_name\" content=\"R\u00e9seau Capital\" \/>\n<meta property=\"article:modified_time\" content=\"2025-09-23T13:34:31+00:00\" \/>\n<meta name=\"twitter:card\" content=\"summary_large_image\" \/>\n<meta name=\"twitter:label1\" content=\"Est. reading time\" \/>\n\t<meta name=\"twitter:data1\" content=\"2 minutes\" \/>\n<script type=\"application\/ld+json\" class=\"yoast-schema-graph\">{\"@context\":\"https:\/\/schema.org\",\"@graph\":[{\"@type\":\"WebPage\",\"@id\":\"https:\/\/reseaucapital.com\/en\/mentoring\/students-mentoring\/\",\"url\":\"https:\/\/reseaucapital.com\/en\/mentoring\/students-mentoring\/\",\"name\":\"Students mentoring - R\u00e9seau Capital\",\"isPartOf\":{\"@id\":\"https:\/\/reseaucapital.com\/#website\"},\"datePublished\":\"2024-07-25T19:22:38+00:00\",\"dateModified\":\"2025-09-23T13:34:31+00:00\",\"breadcrumb\":{\"@id\":\"https:\/\/reseaucapital.com\/en\/mentoring\/students-mentoring\/#breadcrumb\"},\"inLanguage\":\"en-CA\",\"potentialAction\":[{\"@type\":\"ReadAction\",\"target\":[\"https:\/\/reseaucapital.com\/en\/mentoring\/students-mentoring\/\"]}]},{\"@type\":\"BreadcrumbList\",\"@id\":\"https:\/\/reseaucapital.com\/en\/mentoring\/students-mentoring\/#breadcrumb\",\"itemListElement\":[{\"@type\":\"ListItem\",\"position\":1,\"name\":\"Home\",\"item\":\"https:\/\/reseaucapital.com\/en\/\"},{\"@type\":\"ListItem\",\"position\":2,\"name\":\"Mentoring\",\"item\":\"https:\/\/reseaucapital.com\/en\/mentoring\/\"},{\"@type\":\"ListItem\",\"position\":3,\"name\":\"Students mentoring\"}]},{\"@type\":\"WebSite\",\"@id\":\"https:\/\/reseaucapital.com\/#website\",\"url\":\"https:\/\/reseaucapital.com\/\",\"name\":\"R\u00e9seau Capital\",\"description\":\"\",\"potentialAction\":[{\"@type\":\"SearchAction\",\"target\":{\"@type\":\"EntryPoint\",\"urlTemplate\":\"https:\/\/reseaucapital.com\/?s={search_term_string}\"},\"query-input\":{\"@type\":\"PropertyValueSpecification\",\"valueRequired\":true,\"valueName\":\"search_term_string\"}}],\"inLanguage\":\"en-CA\"}]}<\/script>\n<!-- \/ Yoast SEO plugin. -->","yoast_head_json":{"title":"Students mentoring - R\u00e9seau Capital","robots":{"index":"index","follow":"follow","max-snippet":"max-snippet:-1","max-image-preview":"max-image-preview:large","max-video-preview":"max-video-preview:-1"},"canonical":"https:\/\/reseaucapital.com\/en\/mentoring\/students-mentoring\/","og_locale":"en_US","og_type":"article","og_title":"Students mentoring - R\u00e9seau Capital","og_description":"THE 4TH COHORT OF THE STUDENT PROGRAM IS COMING SOON! &nbsp; ABOUT THE PROGRAM The R\u00e9seau Capital student mentoring program is an initiative of the Nouvelle G\u00e9n\u00e9ration committee. Its aim is to bring together students with a passion for venture capital and development capital with professionals working in the sector, based on mutual interests and &hellip; Continued","og_url":"https:\/\/reseaucapital.com\/en\/mentoring\/students-mentoring\/","og_site_name":"R\u00e9seau Capital","article_modified_time":"2025-09-23T13:34:31+00:00","twitter_card":"summary_large_image","twitter_misc":{"Est. reading time":"2 minutes"},"schema":{"@context":"https:\/\/schema.org","@graph":[{"@type":"WebPage","@id":"https:\/\/reseaucapital.com\/en\/mentoring\/students-mentoring\/","url":"https:\/\/reseaucapital.com\/en\/mentoring\/students-mentoring\/","name":"Students mentoring - R\u00e9seau Capital","isPartOf":{"@id":"https:\/\/reseaucapital.com\/#website"},"datePublished":"2024-07-25T19:22:38+00:00","dateModified":"2025-09-23T13:34:31+00:00","breadcrumb":{"@id":"https:\/\/reseaucapital.com\/en\/mentoring\/students-mentoring\/#breadcrumb"},"inLanguage":"en-CA","potentialAction":[{"@type":"ReadAction","target":["https:\/\/reseaucapital.com\/en\/mentoring\/students-mentoring\/"]}]},{"@type":"BreadcrumbList","@id":"https:\/\/reseaucapital.com\/en\/mentoring\/students-mentoring\/#breadcrumb","itemListElement":[{"@type":"ListItem","position":1,"name":"Home","item":"https:\/\/reseaucapital.com\/en\/"},{"@type":"ListItem","position":2,"name":"Mentoring","item":"https:\/\/reseaucapital.com\/en\/mentoring\/"},{"@type":"ListItem","position":3,"name":"Students mentoring"}]},{"@type":"WebSite","@id":"https:\/\/reseaucapital.com\/#website","url":"https:\/\/reseaucapital.com\/","name":"R\u00e9seau Capital","description":"","potentialAction":[{"@type":"SearchAction","target":{"@type":"EntryPoint","urlTemplate":"https:\/\/reseaucapital.com\/?s={search_term_string}"},"query-input":{"@type":"PropertyValueSpecification","valueRequired":true,"valueName":"search_term_string"}}],"inLanguage":"en-CA"}]}},"_links":{"self":[{"href":"https:\/\/reseaucapital.com\/en\/wp-json\/wp\/v2\/pages\/153309","targetHints":{"allow":["GET"]}}],"collection":[{"href":"https:\/\/reseaucapital.com\/en\/wp-json\/wp\/v2\/pages"}],"about":[{"href":"https:\/\/reseaucapital.com\/en\/wp-json\/wp\/v2\/types\/page"}],"author":[{"embeddable":true,"href":"https:\/\/reseaucapital.com\/en\/wp-json\/wp\/v2\/users\/703"}],"replies":[{"embeddable":true,"href":"https:\/\/reseaucapital.com\/en\/wp-json\/wp\/v2\/comments?post=153309"}],"version-history":[{"count":9,"href":"https:\/\/reseaucapital.com\/en\/wp-json\/wp\/v2\/pages\/153309\/revisions"}],"predecessor-version":[{"id":157580,"href":"https:\/\/reseaucapital.com\/en\/wp-json\/wp\/v2\/pages\/153309\/revisions\/157580"}],"up":[{"embeddable":true,"href":"https:\/\/reseaucapital.com\/en\/wp-json\/wp\/v2\/pages\/150104"}],"wp:attachment":[{"href":"https:\/\/reseaucapital.com\/en\/wp-json\/wp\/v2\/media?parent=153309"}],"curies":[{"name":"wp","href":"https:\/\/api.w.org\/{rel}","templated":true}]}}